{"id":55,"date":"2022-05-28T05:20:09","date_gmt":"2022-05-28T05:20:09","guid":{"rendered":"http:\/\/themexriver.com\/wp\/quarter\/?page_id=55"},"modified":"2024-04-15T20:29:48","modified_gmt":"2024-04-15T20:29:48","slug":"about","status":"publish","type":"page","link":"https:\/\/zenitpobrezje.si\/?page_id=55","title":{"rendered":"O nas"},"content":{"rendered":"\t\t<div data-elementor-type=\"wp-page\" data-elementor-id=\"55\" class=\"elementor elementor-55\">\n\t\t\t\t<div class=\"elementor-element elementor-element-40b235d e-flex e-con-boxed e-con e-parent\" data-id=\"40b235d\" data-element_type=\"container\">\n\t\t\t\t\t<div class=\"e-con-inner\">\n\t\t\t\t<div class=\"elementor-element elementor-element-badc35c elementor-widget elementor-widget-heading\" data-id=\"badc35c\" data-element_type=\"widget\" data-widget_type=\"heading.default\">\n\t\t\t\t<div class=\"elementor-widget-container\">\n\t\t\t<style>\/*! elementor - v3.21.0 - 25-04-2024 *\/\n.elementor-heading-title{padding:0;margin:0;line-height:1}.elementor-widget-heading .elementor-heading-title[class*=elementor-size-]>a{color:inherit;font-size:inherit;line-height:inherit}.elementor-widget-heading .elementor-heading-title.elementor-size-small{font-size:15px}.elementor-widget-heading .elementor-heading-title.elementor-size-medium{font-size:19px}.elementor-widget-heading .elementor-heading-title.elementor-size-large{font-size:29px}.elementor-widget-heading .elementor-heading-title.elementor-size-xl{font-size:39px}.elementor-widget-heading .elementor-heading-title.elementor-size-xxl{font-size:59px}<\/style><h1 class=\"elementor-heading-title elementor-size-default\">SOSESKA ZENIT POBRE\u017dJE - BLOK F<\/h1>\t\t<\/div>\n\t\t\t\t<\/div>\n\t\t\t\t\t<\/div>\n\t\t\t\t<\/div>\n\t\t<div class=\"elementor-element elementor-element-41a07db e-flex e-con-boxed e-con e-parent\" data-id=\"41a07db\" data-element_type=\"container\">\n\t\t\t\t\t<div class=\"e-con-inner\">\n\t\t\t\t<div class=\"elementor-element elementor-element-b22cb4b elementor-widget elementor-widget-heading\" data-id=\"b22cb4b\" data-element_type=\"widget\" data-widget_type=\"heading.default\">\n\t\t\t\t<div class=\"elementor-widget-container\">\n\t\t\t<h3 class=\"elementor-heading-title elementor-size-default\">\u00bbLahkotno bivanje \u010daka na vas!\u00ab\n<\/h3>\t\t<\/div>\n\t\t\t\t<\/div>\n\t\t\t\t\t<\/div>\n\t\t\t\t<\/div>\n\t\t<div class=\"elementor-element elementor-element-c8ec243 e-flex e-con-boxed e-con e-parent\" data-id=\"c8ec243\" data-element_type=\"container\">\n\t\t\t\t\t<div class=\"e-con-inner\">\n\t\t\t\t<div class=\"elementor-element elementor-element-637840b elementor-widget elementor-widget-image\" data-id=\"637840b\" data-element_type=\"widget\" data-widget_type=\"image.default\">\n\t\t\t\t<div class=\"elementor-widget-container\">\n\t\t\t<style>\/*! elementor - v3.21.0 - 25-04-2024 *\/\n.elementor-widget-image{text-align:center}.elementor-widget-image a{display:inline-block}.elementor-widget-image a img[src$=\".svg\"]{width:48px}.elementor-widget-image img{vertical-align:middle;display:inline-block}<\/style>\t\t\t\t\t\t\t\t\t\t<img fetchpriority=\"high\" decoding=\"async\" width=\"640\" height=\"360\" src=\"https:\/\/zenitpobrezje.si\/wp-content\/uploads\/2024\/02\/Vizualizacija-1-768x432.jpg\" class=\"attachment-medium_large size-medium_large wp-image-1446\" alt=\"\" srcset=\"https:\/\/zenitpobrezje.si\/wp-content\/uploads\/2024\/02\/Vizualizacija-1-768x432.jpg 768w, https:\/\/zenitpobrezje.si\/wp-content\/uploads\/2024\/02\/Vizualizacija-1-300x169.jpg 300w, https:\/\/zenitpobrezje.si\/wp-content\/uploads\/2024\/02\/Vizualizacija-1-1024x576.jpg 1024w, https:\/\/zenitpobrezje.si\/wp-content\/uploads\/2024\/02\/Vizualizacija-1-1536x864.jpg 1536w, https:\/\/zenitpobrezje.si\/wp-content\/uploads\/2024\/02\/Vizualizacija-1-2048x1152.jpg 2048w, https:\/\/zenitpobrezje.si\/wp-content\/uploads\/2024\/02\/Vizualizacija-1-640x360.jpg 640w\" sizes=\"(max-width: 640px) 100vw, 640px\" \/>\t\t\t\t\t\t\t\t\t\t\t\t\t<\/div>\n\t\t\t\t<\/div>\n\t\t\t\t\t<\/div>\n\t\t\t\t<\/div>\n\t\t<div class=\"elementor-element elementor-element-13a9b25 e-flex e-con-boxed e-con e-parent\" data-id=\"13a9b25\" data-element_type=\"container\">\n\t\t\t\t\t<div class=\"e-con-inner\">\n\t\t\t\t<div class=\"elementor-element elementor-element-e09a8ef elementor-align-left elementor-widget elementor-widget-button\" data-id=\"e09a8ef\" data-element_type=\"widget\" data-widget_type=\"button.default\">\n\t\t\t\t<div class=\"elementor-widget-container\">\n\t\t\t\t\t<div class=\"elementor-button-wrapper\">\n\t\t\t<a class=\"elementor-button elementor-button-link elementor-size-sm\" href=\"https:\/\/zenitpobrezje.si\/wp-content\/uploads\/2024\/02\/Opis-za-prodajo.pdf\">\n\t\t\t\t\t\t<span class=\"elementor-button-content-wrapper\">\n\t\t\t\t\t\t<span class=\"elementor-button-icon elementor-align-icon-left\">\n\t\t\t\t<svg aria-hidden=\"true\" class=\"e-font-icon-svg e-far-file-pdf\" viewBox=\"0 0 384 512\" xmlns=\"http:\/\/www.w3.org\/2000\/svg\"><path d=\"M369.9 97.9L286 14C277 5 264.8-.1 252.1-.1H48C21.5 0 0 21.5 0 48v416c0 26.5 21.5 48 48 48h288c26.5 0 48-21.5 48-48V131.9c0-12.7-5.1-25-14.1-34zM332.1 128H256V51.9l76.1 76.1zM48 464V48h160v104c0 13.3 10.7 24 24 24h104v288H48zm250.2-143.7c-12.2-12-47-8.7-64.4-6.5-17.2-10.5-28.7-25-36.8-46.3 3.9-16.1 10.1-40.6 5.4-56-4.2-26.2-37.8-23.6-42.6-5.9-4.4 16.1-.4 38.5 7 67.1-10 23.9-24.9 56-35.4 74.4-20 10.3-47 26.2-51 46.2-3.3 15.8 26 55.2 76.1-31.2 22.4-7.4 46.8-16.5 68.4-20.1 18.9 10.2 41 17 55.8 17 25.5 0 28-28.2 17.5-38.7zm-198.1 77.8c5.1-13.7 24.5-29.5 30.4-35-19 30.3-30.4 35.7-30.4 35zm81.6-190.6c7.4 0 6.7 32.1 1.8 40.8-4.4-13.9-4.3-40.8-1.8-40.8zm-24.4 136.6c9.7-16.9 18-37 24.7-54.7 8.3 15.1 18.9 27.2 30.1 35.5-20.8 4.3-38.9 13.1-54.8 19.2zm131.6-5s-5 6-37.3-7.8c35.1-2.6 40.9 5.4 37.3 7.8z\"><\/path><\/svg>\t\t\t<\/span>\n\t\t\t\t\t\t\t\t\t<span class=\"elementor-button-text\">Opis za prodajo<\/span>\n\t\t\t\t\t<\/span>\n\t\t\t\t\t<\/a>\n\t\t<\/div>\n\t\t\t\t<\/div>\n\t\t\t\t<\/div>\n\t\t\t\t\t<\/div>\n\t\t\t\t<\/div>\n\t\t<div class=\"elementor-element elementor-element-528dd8f e-con-full e-flex e-con e-parent\" data-id=\"528dd8f\" data-element_type=\"container\">\n\t\t\t\t<div class=\"elementor-element elementor-element-fc18fc4 elementor-widget elementor-widget-text-editor\" data-id=\"fc18fc4\" data-element_type=\"widget\" data-widget_type=\"text-editor.default\">\n\t\t\t\t<div class=\"elementor-widget-container\">\n\t\t\t<style>\/*! elementor - v3.21.0 - 25-04-2024 *\/\n.elementor-widget-text-editor.elementor-drop-cap-view-stacked .elementor-drop-cap{background-color:#69727d;color:#fff}.elementor-widget-text-editor.elementor-drop-cap-view-framed .elementor-drop-cap{color:#69727d;border:3px solid;background-color:transparent}.elementor-widget-text-editor:not(.elementor-drop-cap-view-default) .elementor-drop-cap{margin-top:8px}.elementor-widget-text-editor:not(.elementor-drop-cap-view-default) .elementor-drop-cap-letter{width:1em;height:1em}.elementor-widget-text-editor .elementor-drop-cap{float:left;text-align:center;line-height:1;font-size:50px}.elementor-widget-text-editor .elementor-drop-cap-letter{display:inline-block}<\/style>\t\t\t\t<p><span style=\"text-decoration: underline;\"><strong>Predmet prodaje je ve\u010dstanovanjski objekt F: <\/strong><\/span><\/p><p><strong>Splo\u0161no:<\/strong><\/p><p>Ve\u010dstanovanjski trgovsko, poslovno, gostinski objekt F obsega 72 stanovanj, ki so razdeljena v dve lameli A in B ter pozicionirana v 1., 2., 3., 4., 5. in 6. nadstropju objekta. Stanovanja so razli\u010dnih velikost (od slabih 28m2 do 66m2) in razli\u010dnega \u0161tevila sob (garsonjera do 3 sobnih). Velikost stanovanj in razporeditev posameznih prostorov kot tudi pripadajo\u010de shrambe so razvidne iz prodajnega kataloga. V vsako stanovanje vstopamo s skupnega hodnika \u2013 komunikacije. Vsako stanovanje ima balkon in shrambo (bodisi v stanovanju, bodisi v kletnih prostorih). V objekt smo umestili dva dvigala, na vsako lamelo, torej skupno \u0161tiri dvigala, ki medsebojno povezujo vse eta\u017ee objekta. Vertikalna komunikacija po objektu je mo\u017ena tudi po stopni\u0161\u010du. V pritli\u010dju so locirani poslovno trgovski prostori, ki omogo\u010dajo glede na prostornost, razmejitev prostora v ve\u010d manj\u0161ih ali pa ohranitev prostora za izvedbo dejavnosti.<\/p><p><strong>Dostop do objekta in komunikacije ter skupni prostori:<\/strong><\/p><p>Dostop do objekta je mo\u017een z ceste A, ki je povezovalna cesta med \u010cufarjevo cesto in \u0160olsko ulico. Dostop do skupne kletne gara\u017ee z motornimi vozili je po klan\u010dini iz jugovzhodne smeri in lokalne ceste A. V gara\u017ei v kletnih prostorih objekta eta\u017enosti K1 in K2 smo umestili 257 parkirnih mest. V kletni eta\u017ei so locirani \u0161e prostori za hrambo koles, skladi\u0161\u010da za poslovno trgovske dejavnosti, tehni\u010dni prostor in shrambe za stanovanjske enote. Zunanja ureditev objekta je izvedena v skladu s projektom, dostopne ceste so ustrezne \u0161irine. V cesti je zasnovan lo\u010den sistem odvodnje padavinske in komunalne odpadne vode iz objekta. Vhod v objekt smo uredili preko glavnih vhodov v pritli\u010dju objekta na jugovzodni strani objekta. Na glavnem vhodu v objekt so name\u0161\u010deni domofon in po\u0161tni nabiralniki. V kleti objekta so v elektro podpostaji \u0161tevci za porabo elektri\u010dne energije, za vsako stanovanje posebej z daljinskim od\u010ditavanjem. Vodomer in kalorimeter z daljinskim od\u010ditavanjem sta v vsakem stanovanju v omarici. Komunikacija po objektu poteka po hodnikih in vertikalno po stopni\u0161\u010du ali s pomo\u010djo dvigal. Z dvigalom je mo\u017een dostop v vse eta\u017ee objekta.<\/p><p><strong>Konstrukcija:<\/strong><\/p><p>Konstrukcija objekta je armiranobetonska. Objekt smo temeljili na temeljni plo\u0161\u010di ustrezne debeline. Kletne stene so v celoti armiranobetonske. Tudi v pritli\u010dju in stanovanjskih eta\u017eah so slopi, pre\u010dne in stene stopni\u0161\u010dnega jedra ter dvigalnega ja\u0161ka v celoti armiranobetonske. Eta\u017ene plo\u0161\u010de so armiranobetonske. Stopni\u0161\u010da in stopni\u0161\u010dne rame so armiranobetonske izvedbe. Notranje predelne stene med posameznimi prostori znotraj samih stanovanj so mav\u010dno-kartonske z ustrezno toplotno in zvo\u010dno izolativnostjo, stene v shrambne prostore so iz siporex zidnih blokov.<\/p><p><strong>Toplotna izolacija sten in stropov objekta:<\/strong><\/p><p>Vse AB nosilce in strop v kleti pod pritli\u010dno plo\u0161\u010do smo toplotno izolirali z izolacijo z lamelami iz mineralne volne s silikatnim obrizgom debeline 12cm (pod plo\u0161\u010do) in 15 cm nad plo\u0161\u010do. Zunanje stene objekta so na mestih stanovanj oblo\u017eene s kontaktno fasado s toplotno izolacijo v kombinaciji iz EPS (ekspandirani polistiren) in volne (izvedba glede na po\u017earno \u0161tudijo) v debelini 22cm. Streha je izolirana z izolacijo iz EPS v debelini 30cm in dodatno naklonsko izolacijo. Vse stene v notranjosti objekta med posameznimi stanovanji in med stanovanji in komunikacijami smo izolirali z izolacijo iz mineralne volne v debelini 5cm ter mav\u010dno-kartonsko oblogo na podkonstrukciji. Pod estrihe smo namestili toplotno izolacijo v debelini do 10cm iz ESP (upo\u0161tevana tudi izolacija sistemske plo\u0161\u010de talnega gretja). EPS v tlakih objekta smo vgradili z lastnostmi proti udarnemu zvoku.<\/p><p><strong>Streha:<\/strong><\/p><p>Streho objekta smo izvedli v minimalnem naklonu do 2% &#8211; naklon je izveden z izolacijo v naklonu iz ESP. Streha bo pokrita s FPO folijo. Folija smo za\u0161\u010ditili s slojem prodca v debelini do 7cm. Na strehi so name\u0161\u010dene kupole za odvod dima s stopni\u0161\u010d v primeru po\u017eara \u2013 vse skladno s po\u017earno \u0161tudijo in obenem za dostop na streho za potrebe vzdr\u017eevanja strehe. Odvodnjavanje strehe smo izvedli z podtla\u010dnim sisitemom pluvia, katere vto\u010dniki so ogrevani in speljani do vertikale Sigma bloka. V atiki so name\u0161\u010deni varnostni prelivi.<\/p><p><strong>Stavno pohi\u0161tvo:<\/strong><\/p><p>Vso zunanje stavbno pohi\u0161tvo v stanovanjih in na stopni\u0161\u010du na objektu smo izvedli v PVC, na notranji strani v beli barvi, na zunanji strani v barvi antracit. Zasteklitev vseh PVC elementov so troslojne, toplotna prevodnost tipi\u010dnega elementa zna\u0161a \u22640,9Wm2K. Vso zunanje stavbno pohi\u0161tvo v poslovnih prostorih na objektu smo izvedli v ALU izvedbi, na notranji in na zunanji strani v barvi antracit. Stekla so troslojna varnostna, steklo je od zunaj in znotraj kaljeno in z son\u010dno za\u0161\u010dito. Vsa okna v stanovanjih so opremljena z ALU \u017ealuzijami na elektro pogon. Glavna vhoda v objekt sta izvedena z ALU steklenimi vrati. Vsa notranja vrata po objektu na komunikacijah iz stopni\u0161\u010d so ALU steklena, ostala vrata na komunikacijah v kletnih prostrih kovinska, vrata so v skladu z zahtevami iz po\u017earne \u0161tudije tudi po\u017earno odporna. Vhodna vrata v stanovanja so kovinska, po\u017earno odporna, protivlomna in opremljena s kukalom ter samozapiralom. Notranja vrata v stanovanjih so lesena oblo\u017eena z furnirjem. Stene in vrata v shrambah v kleti so izvedene iz kovinskih profilov. Gara\u017ena vrata so sekcijska, kovinska. Zunanje police so aluminijaste, notranje iz PVC.<\/p><p><strong>Tlaki, zaklju\u010dne obdelave:<\/strong><\/p><p>Tlak v stanovanjih je sestavljen iz toplotne in zvo\u010dno izolativne izolacije EPS, sistemske plo\u0161\u010de talnega gretja, razvoda talnega gretja in estriha debeline cca. 5cm. Na skupnih hodnikih je tlak izveden iz toplotne in zvo\u010dno izolativne izolacije EPS ter estriha debeline cca. 5cm. V stanovanjih so tla in stene (do stropa v kopalnicah ter WC-jih) oblo\u017eene s kopalni\u0161kimi kerami\u010dnimi plo\u0161\u010dicami. Na hodniku in balkonih so v stanovanjih tla oblo\u017eena s talno keramiko, ki je zakju\u010dena z nizkostensko obrobo. Z granitogres keramiko z nizkostensko obrobo so oblo\u017eeni tudi skupni hodniki ter stopni\u0161\u010da po objektu. Tla v vseh sobah, spalnicah, bivalnih prostorih, jedilnicah in kuhinjah ter shrambah so finalno oblo\u017eena z gotovim hrastovim parketom. Tla v gara\u017eah, v prostoru kolesarnice in prostoru za smetarnike so obdelana z zaglajenim betonom in po potrebi za\u0161\u010ditena z betonsko barvo. Vse stene in stropi po objektu so opleskani z belo disperzijsko barvo. Stene na skupnih stopni\u0161\u010dih in hodnikih so dodatno za\u0161\u010ditene s pralno barvo. Ograje na skupnih stopni\u0161\u010dih in na balkonih so kovinske.<\/p><p><strong>Strojne in\u0161talacije:<\/strong><\/p><p>Objekt je priklju\u010den na obstoje\u010de kanalizacijsko omre\u017eje pod pogoji soglasodajalca. Priklju\u010dek na vodovod se je izvedel na javno vodovodno omre\u017eje pod pogoji soglasodajalca. Objekt ima v vsakem stanovanju daljinski \u0161tevec za od\u010ditavanje stanja porabe.<\/p><p>Ogrevanje in hlajenje stanovanj je z geosondo in toplotno \u010drpalko. Vsako stanovanje ima svojo toplotno podpostajo v stanovanju in kalorimeter z daljinskim od\u010ditavanjem. Poraba toplote se bo zara\u010dunavala na osnovi velikosti stanovanja in porabe glede na stanje kalorimetra v skladu z zakonskimi dolo\u010dili. Gretje posameznih stanovanj je talno. Omarice za talno gretje so name\u0161\u010dene v samih stanovanjih. Ogrevanje poslovnih prostorov je konvektorsko.<\/p><p>Prezra\u010devanje je predvideno z lokalno rekuperacijo. Kuhinjske nape so predvidene kot filtrske, brez priklopov na razvod za prezra\u010devanje. Odto\u010dna kanalizacija je v PVC izvedbi. Vse vertikale (za prezra\u010devanje, odto\u010dno kanalizacijo, hlajenje, odvod kondenza) so izvedene s Sigmanova elementi.<\/p><p>V prodajni ceni je zajeta slede\u010da sanitarna oprema: kopalna kad, bela vise\u010da \u0161koljka in podometni kotli\u010dek s tipko, armatura za tu\u0161. Drobni inventar v kopalnici (metlica za WC, ogledala, dr\u017ealo za WC papir\u2026) ni zajet v ceni. Tu\u0161 kabina ni zajeta v ceni, prav tako ni zajet bide.<\/p><p><strong>Elektro instalacije: <\/strong><\/p><p>Objekt je priklju\u010den na obstoje\u010de elektri\u010dno omre\u017eje. Elektri\u010dni \u0161tevci za posamezna stanovanja in skupno rabo so name\u0161\u010deni v kletnih prostorih objekta z daljinskim od\u010ditavanjem za vsako stanovanje posebej. Elektri\u010dne in\u0161talacije obsegajo \u0161ibki in jaki tok po na\u010drtu, 1 razdelilec, stikala in vti\u010dnice. Vsaka shramba v kleti je vezana na razdelilec v stanovanju. Vsako stanovanje ima priklop na telefon in CATV. Pred vhodom v stanovanje je stikalo za zvonec. V pritli\u010dju je montiran tudi domofon. Na skupnih hodnikih in stopni\u0161\u010dih prostorih so zmontirane plafonjere, ki se pri\u017eigajo senzorsko, in zasilna razsvetljava po predpisih. Objekt je ustrezno ozemljen. Strelovod je izveden na strehi objekta in fasadi. V ceni elektri\u010dnih in\u0161talacij ni zajeto: in\u0161talacije direktne in indirektne svetlobe, ambientalne svetlobe, ipd.<\/p><p><strong>Ostala dolo\u010dila: <\/strong><\/p><p>V teku same gradnje in v \u010dasu obratovanja objekta lahko pride do pojavov, ki niso predmet reklamacije v garancijski dobi in ne vplivajo na spremembo cene nepremi\u010dnine. Tak\u0161ni pojavi so:<\/p><ul><li>posedki tal ob objektu do 5cm,<\/li><li>razbarvanje fasade zaradi pregrevanja in razpada pigmentov v fasadni barvi,<\/li><li>lasaste razpoke, ki se lahko pojavijo na notranjih stenah zaradi su\u0161enja ometov, betona ali zidakov,<\/li><li>razpoke na stikih razli\u010dnih materialov (npr. opeka \u2013 monta\u017ene plo\u0161\u010de),<\/li><li>dejanske povr\u0161ine od projektiranih lahko odstopajo \u00b13%.<\/li><\/ul><p>\u00a0<\/p><p><strong>Vseljivo poleti 2024!<\/strong><\/p><p style=\"text-align: right;\">Direktorica:<br \/>Vesna Andrejc<\/p>\t\t\t\t\t\t<\/div>\n\t\t\t\t<\/div>\n\t\t\t\t<\/div>\n\t\t\t\t<section class=\"elementor-section elementor-top-section elementor-element elementor-element-1aa9c20 elementor-section-full_width elementor-section-height-default elementor-section-height-default\" data-id=\"1aa9c20\" data-element_type=\"section\">\n\t\t\t\t\t\t<div class=\"elementor-container elementor-column-gap-no\">\n\t\t\t\t\t<div class=\"elementor-column elementor-col-100 elementor-top-column elementor-element elementor-element-16339d8\" data-id=\"16339d8\" data-element_type=\"column\">\n\t\t\t<div class=\"elementor-widget-wrap elementor-element-populated\">\n\t\t\t\t\t\t<div class=\"elementor-element elementor-element-1eb6982 elementor-widget elementor-widget-clenfix-about-us\" data-id=\"1eb6982\" data-element_type=\"widget\" data-widget_type=\"clenfix-about-us.default\">\n\t\t\t\t<div class=\"elementor-widget-container\">\n\t\t\t\n<div class=\"ltn__about-us-area pt-120 pb-90 \">\n        <div class=\"container\">\n            <div class=\"row\">\n                <div class=\"col-lg-6 align-self-center\">\n                    <div class=\"about-us-img-wrap about-img-left\">\n\t\t\t\t\t\t<img decoding=\"async\" width=\"2560\" height=\"1810\" src=\"https:\/\/zenitpobrezje.si\/wp-content\/uploads\/2024\/02\/pogled_01_dnevna_soba-scaled.jpg\" class=\"attachment-full size-full\" alt=\"\" srcset=\"https:\/\/zenitpobrezje.si\/wp-content\/uploads\/2024\/02\/pogled_01_dnevna_soba-scaled.jpg 2560w, https:\/\/zenitpobrezje.si\/wp-content\/uploads\/2024\/02\/pogled_01_dnevna_soba-300x212.jpg 300w, https:\/\/zenitpobrezje.si\/wp-content\/uploads\/2024\/02\/pogled_01_dnevna_soba-1024x724.jpg 1024w, https:\/\/zenitpobrezje.si\/wp-content\/uploads\/2024\/02\/pogled_01_dnevna_soba-768x543.jpg 768w, https:\/\/zenitpobrezje.si\/wp-content\/uploads\/2024\/02\/pogled_01_dnevna_soba-1536x1086.jpg 1536w, https:\/\/zenitpobrezje.si\/wp-content\/uploads\/2024\/02\/pogled_01_dnevna_soba-2048x1448.jpg 2048w\" sizes=\"(max-width: 2560px) 100vw, 2560px\" \/>                        <div class=\"about-us-img-info about-us-img-info-2 about-us-img-info-3\"> \n                            <div class=\"ltn__video-img ltn__animation-pulse1\">\n\t\t\t\t\t\t\t\t                                <a class=\"ltn__video-icon-2 ltn__video-icon-2-border---\" href=\"https:\/\/zenitpobrezje.si\/wp-content\/uploads\/2024\/02\/pogled_01_dnevna_soba-scaled.jpg\"  data-rel=\"lightcase:myCollection\">\n                                    <i class=\"fa fa-play\"><\/i>\n                                <\/a> \n                            <\/div>  \n                        <\/div>  \n                    <\/div>       \n                <\/div>     \n                <div class=\"col-lg-6 align-self-center\">  \n                    <div class=\"about-us-info-wrap\">  \n                        <div class=\"section-title-area ltn__section-title-2--- mb-20\">\n                            <h6 class=\"section-subtitle section-subtitle-2 ltn__secondary-color\">Blok F<\/h6>\n                            <h1 class=\"section-title\">Soseska Zenit Pobre\u017eje<\/h1>\n                            <p>72 stanovanj razli\u010dnih velikosti in razporeditev, razdeljenih v dve lameli A in B ter razporejenih med 1. in 6. nadstropjem<\/p>\n                        <\/div>\n                        <ul class=\"ltn__list-item-half clearfix\">\n                            <li><i class=\"acprs flaticon-building\"><\/i>72 stanovanj<\/li><li><i class=\"acprs flaticon-mountain\"><\/i>Urejena okolica<\/li><li><i class=\"acprs flaticon-home-2\"><\/i>Udobje in kakovost stanovanj<\/li><li><i class=\"acprs flaticon-heart\"><\/i>Omogo\u010den izjemen \u017eivljenjski slog<\/li>                        <\/ul>\n                        <div class=\"ltn__callout bg-overlay-theme-05  mt-30\">\n                            <p>\"The ache for home lives in all of us.\" - Maya Angelou<\/p>\n                        <\/div>\n                        <div class=\"btn-wrapper animated\">\n                            <a href=https:\/\/zenitpobrezje.si\/?page_id=1115   class=\"theme-btn-1 btn btn-effect-1\">Razi\u0161\u010di stanovanja<\/a>\n                        <\/div>\n                    <\/div>\n                <\/div>\n            <\/div>\n        <\/div>\n    <\/div>\t\t<\/div>\n\t\t\t\t<\/div>\n\t\t\t\t\t<\/div>\n\t\t<\/div>\n\t\t\t\t\t<\/div>\n\t\t<\/section>\n\t\t\t\t<section class=\"elementor-section elementor-top-section elementor-element elementor-element-1153de91 elementor-section-full_width elementor-section-height-default elementor-section-height-default\" data-id=\"1153de91\" data-element_type=\"section\">\n\t\t\t\t\t\t<div class=\"elementor-container elementor-column-gap-no\">\n\t\t\t\t\t<div class=\"elementor-column elementor-col-100 elementor-top-column elementor-element elementor-element-50d97a0e\" data-id=\"50d97a0e\" data-element_type=\"column\">\n\t\t\t<div class=\"elementor-widget-wrap elementor-element-populated\">\n\t\t\t\t\t\t<div class=\"elementor-element elementor-element-c0e513a elementor-widget elementor-widget-google_maps\" data-id=\"c0e513a\" data-element_type=\"widget\" data-widget_type=\"google_maps.default\">\n\t\t\t\t<div class=\"elementor-widget-container\">\n\t\t\t<style>\/*! elementor - v3.21.0 - 25-04-2024 *\/\n.elementor-widget-google_maps .elementor-widget-container{overflow:hidden}.elementor-widget-google_maps .elementor-custom-embed{line-height:0}.elementor-widget-google_maps iframe{height:300px}<\/style>\t\t<div class=\"elementor-custom-embed\">\n\t\t\t<iframe loading=\"lazy\"\n\t\t\t\t\tsrc=\"https:\/\/maps.google.com\/maps?q=%C5%A0olska%20ulica%2031%2C%202000%20Maribor&#038;t=m&#038;z=13&#038;output=embed&#038;iwloc=near\"\n\t\t\t\t\ttitle=\"\u0160olska ulica 31, 2000 Maribor\"\n\t\t\t\t\taria-label=\"\u0160olska ulica 31, 2000 Maribor\"\n\t\t\t><\/iframe>\n\t\t<\/div>\n\t\t\t\t<\/div>\n\t\t\t\t<\/div>\n\t\t\t\t\t<\/div>\n\t\t<\/div>\n\t\t\t\t\t<\/div>\n\t\t<\/section>\n\t\t\t\t<\/div>\n\t\t","protected":false},"excerpt":{"rendered":"<p>SOSESKA ZENIT POBRE\u017dJE &#8211; BLOK F \u00bbLahkotno bivanje \u010daka na vas!\u00ab Opis za prodajo Predmet prodaje je ve\u010dstanovanjski objekt F: Splo\u0161no: Ve\u010dstanovanjski trgovsko, poslovno, gostinski objekt F obsega 72 stanovanj, ki so razdeljena v dve lameli A in B ter pozicionirana v 1., 2., 3., 4., 5. in 6. nadstropju objekta. Stanovanja so razli\u010dnih velikost<\/p>\n<a class=\"read-more\" href=\"https:\/\/zenitpobrezje.si\/?page_id=55\">Read More<\/a>","protected":false},"author":1,"featured_media":0,"parent":0,"menu_order":0,"comment_status":"closed","ping_status":"closed","template":"elementor_header_footer","meta":{"footnotes":""},"class_list":["post-55","page","type-page","status-publish","hentry"],"_links":{"self":[{"href":"https:\/\/zenitpobrezje.si\/index.php?rest_route=\/wp\/v2\/pages\/55","targetHints":{"allow":["GET"]}}],"collection":[{"href":"https:\/\/zenitpobrezje.si\/index.php?rest_route=\/wp\/v2\/pages"}],"about":[{"href":"https:\/\/zenitpobrezje.si\/index.php?rest_route=\/wp\/v2\/types\/page"}],"author":[{"embeddable":true,"href":"https:\/\/zenitpobrezje.si\/index.php?rest_route=\/wp\/v2\/users\/1"}],"replies":[{"embeddable":true,"href":"https:\/\/zenitpobrezje.si\/index.php?rest_route=%2Fwp%2Fv2%2Fcomments&post=55"}],"version-history":[{"count":50,"href":"https:\/\/zenitpobrezje.si\/index.php?rest_route=\/wp\/v2\/pages\/55\/revisions"}],"predecessor-version":[{"id":1824,"href":"https:\/\/zenitpobrezje.si\/index.php?rest_route=\/wp\/v2\/pages\/55\/revisions\/1824"}],"wp:attachment":[{"href":"https:\/\/zenitpobrezje.si\/index.php?rest_route=%2Fwp%2Fv2%2Fmedia&parent=55"}],"curies":[{"name":"wp","href":"https:\/\/api.w.org\/{rel}","templated":true}]}}